{"id":67,"date":"2022-09-21T08:36:42","date_gmt":"2022-09-21T06:36:42","guid":{"rendered":"https:\/\/feuerwehr-vorau.at\/site\/?page_id=67"},"modified":"2022-10-27T18:01:14","modified_gmt":"2022-10-27T16:01:14","slug":"kommando","status":"publish","type":"page","link":"https:\/\/feuerwehr-vorau.at\/site\/organisation\/kommando\/","title":{"rendered":"Kommando"},"content":{"rendered":"<p>[et_pb_section fb_built=&#8220;1&#8243; _builder_version=&#8220;4.18.0&#8243; _module_preset=&#8220;default&#8220; background_color=&#8220;#f4f5f8&#8243; custom_padding=&#8220;5px||0px||false|false&#8220; hover_enabled=&#8220;0&#8243; locked=&#8220;off&#8220; global_colors_info=&#8220;{}&#8220; custom_padding_last_edited=&#8220;on|tablet&#8220; custom_padding_tablet=&#8220;0px||||false|false&#8220; sticky_enabled=&#8220;0&#8243; custom_padding_phone=&#8220;0px||||false|false&#8220;][et_pb_row use_custom_gutter=&#8220;on&#8220; _builder_version=&#8220;4.18.0&#8243; _module_preset=&#8220;default&#8220; custom_padding=&#8220;||9px|||&#8220; hover_enabled=&#8220;0&#8243; global_colors_info=&#8220;{}&#8220; width_last_edited=&#8220;on|tablet&#8220; width_tablet=&#8220;100%&#8220; custom_padding_last_edited=&#8220;on|phone&#8220; custom_padding_tablet=&#8220;0px||||false|false&#8220; sticky_enabled=&#8220;0&#8243; width_phone=&#8220;100%&#8220; custom_padding_phone=&#8220;0px||||false|false&#8220;][et_pb_column type=&#8220;4_4&#8243; _builder_version=&#8220;4.17.4&#8243; _module_preset=&#8220;default&#8220; global_colors_info=&#8220;{}&#8220;][et_pb_code _builder_version=&#8220;4.18.0&#8243; _dynamic_attributes=&#8220;background_image&#8220; _module_preset=&#8220;default&#8220; background_image=&#8220;@ET-DC@eyJkeW5hbWljIjp0cnVlLCJjb250ZW50IjoicG9zdF9mZWF0dXJlZF9pbWFnZSIsInNldHRpbmdzIjp7fX0=@&#8220; min_height=&#8220;460px&#8220; min_height_tablet=&#8220;300px&#8220; min_height_phone=&#8220;200px&#8220; min_height_last_edited=&#8220;on|tablet&#8220; custom_margin=&#8220;||20px||false|false&#8220; custom_padding=&#8220;||0px||false|false&#8220; global_colors_info=&#8220;{}&#8220;][\/et_pb_code][et_pb_text _builder_version=&#8220;4.18.0&#8243; _module_preset=&#8220;default&#8220; text_font=&#8220;||on||||||&#8220; text_orientation=&#8220;center&#8220; custom_padding=&#8220;|10%|20px|10%|false|true&#8220; hover_enabled=&#8220;0&#8243; locked=&#8220;off&#8220; global_colors_info=&#8220;{}&#8220; sticky_enabled=&#8220;0&#8243;]<\/p>\n<p>Traditionelle \u00dcbergabe des Kommandantens\u00e4bels an das neue Kommando 2022<\/p>\n<p>[\/et_pb_text][et_pb_text _builder_version=&#8220;4.18.0&#8243; _dynamic_attributes=&#8220;content&#8220; _module_preset=&#8220;default&#8220; header_font=&#8220;|600|||||||&#8220; header_text_align=&#8220;center&#8220; header_font_size=&#8220;35px&#8220; header_2_font=&#8220;|600|||||||&#8220; header_2_text_align=&#8220;center&#8220; header_2_font_size=&#8220;35px&#8220; custom_padding=&#8220;||5px||false|false&#8220; global_colors_info=&#8220;{}&#8220;]@ET-DC@eyJkeW5hbWljIjp0cnVlLCJjb250ZW50IjoicG9zdF90aXRsZSIsInNldHRpbmdzIjp7ImJlZm9yZSI6IjxoMT4iLCJhZnRlciI6IjwvaDE+In19@[\/et_pb_text][et_pb_text content_tablet=&#8220;<\/p>\n<h2>Freiwillige Feuerwehr Vorau<\/h2>\n<p>&#8220; content_phone=&#8220;<\/p>\n<h2>FF VORAU<\/h2>\n<p>&#8220; content_last_edited=&#8220;on|tablet&#8220; _builder_version=&#8220;4.18.0&#8243; _module_preset=&#8220;default&#8220; header_2_font=&#8220;Montserrat|||on|||||&#8220; header_2_text_align=&#8220;center&#8220; header_2_text_color=&#8220;gcid-483c764e-6191-4fe0-975f-40f04e068945&#8243; header_2_font_size=&#8220;16px&#8220; header_2_letter_spacing=&#8220;2px&#8220; custom_padding=&#8220;||7px||false|false&#8220; global_colors_info=&#8220;{%22gcid-483c764e-6191-4fe0-975f-40f04e068945%22:%91%22header_2_text_color%22%93}&#8220;]<\/p>\n<h2>Freiwillige Feuerwehr Vorau<\/h2>\n<p>[\/et_pb_text][\/et_pb_column][\/et_pb_row][\/et_pb_section][et_pb_section fb_built=&#8220;1&#8243; _builder_version=&#8220;4.18.0&#8243; _module_preset=&#8220;default&#8220; background_color=&#8220;#FFFFFF&#8220; custom_padding=&#8220;5px||0px||false|false&#8220; global_colors_info=&#8220;{}&#8220;][et_pb_row column_structure=&#8220;1_2,1_2&#8243; use_custom_gutter=&#8220;on&#8220; gutter_width=&#8220;3&#8243; _builder_version=&#8220;4.18.0&#8243; _module_preset=&#8220;default&#8220; max_width=&#8220;1080px&#8220; custom_padding=&#8220;21px||41px|||&#8220; global_colors_info=&#8220;{}&#8220;][et_pb_column type=&#8220;1_2&#8243; _builder_version=&#8220;4.18.0&#8243; _module_preset=&#8220;default&#8220; global_colors_info=&#8220;{}&#8220;][et_pb_image src=&#8220;https:\/\/feuerwehr-vorau.at\/site\/wp-content\/uploads\/2022\/09\/Kommandant-Guenter_Holzer.jpg&#8220; title_text=&#8220;Kommandant-Guenter_Holzer&#8220; align=&#8220;center&#8220; _builder_version=&#8220;4.18.0&#8243; _module_preset=&#8220;default&#8220; global_colors_info=&#8220;{}&#8220;][\/et_pb_image][et_pb_text _builder_version=&#8220;4.18.0&#8243; _module_preset=&#8220;default&#8220; header_font=&#8220;|600|||||||&#8220; header_text_align=&#8220;center&#8220; header_font_size=&#8220;35px&#8220; header_2_font=&#8220;|600|||||||&#8220; header_2_text_align=&#8220;center&#8220; header_2_font_size=&#8220;35px&#8220; custom_padding=&#8220;||5px||false|false&#8220; locked=&#8220;off&#8220; global_colors_info=&#8220;{}&#8220;]<\/p>\n<h2>Der Kommandant<\/h2>\n<p>[\/et_pb_text][et_pb_blurb title=&#8220;G\u00fcnter Holzer&#8220; image=&#8220;https:\/\/feuerwehr-vorau.at\/site\/wp-content\/uploads\/2022\/09\/hbi_50x50.jpg&#8220; image_icon_width=&#8220;50px&#8220; _builder_version=&#8220;4.18.0&#8243; _module_preset=&#8220;default&#8220; header_text_align=&#8220;center&#8220; header_font_size=&#8220;24px&#8220; header_line_height=&#8220;1.3em&#8220; body_text_align=&#8220;center&#8220; body_line_height=&#8220;1.3em&#8220; global_colors_info=&#8220;{}&#8220;]<\/p>\n<p>Dienstgrad: HBI<\/p>\n<p>Telefon: 0664 \/ 304 43 04<\/p>\n<p>[\/et_pb_blurb][\/et_pb_column][et_pb_column type=&#8220;1_2&#8243; _builder_version=&#8220;4.18.0&#8243; _module_preset=&#8220;default&#8220; global_colors_info=&#8220;{}&#8220;][et_pb_image src=&#8220;https:\/\/feuerwehr-vorau.at\/site\/wp-content\/uploads\/2022\/09\/Kommandant-Stv-Herbert_Gerngross.jpg&#8220; title_text=&#8220;Kommandant-Stv-Herbert_Gerngross&#8220; align=&#8220;center&#8220; _builder_version=&#8220;4.18.0&#8243; _module_preset=&#8220;default&#8220; global_colors_info=&#8220;{}&#8220;][\/et_pb_image][et_pb_text _builder_version=&#8220;4.18.0&#8243; _module_preset=&#8220;default&#8220; header_font=&#8220;|600|||||||&#8220; header_text_align=&#8220;center&#8220; header_font_size=&#8220;35px&#8220; header_2_font=&#8220;|600|||||||&#8220; header_2_text_align=&#8220;center&#8220; header_2_font_size=&#8220;35px&#8220; custom_padding=&#8220;||5px||false|false&#8220; locked=&#8220;off&#8220; global_colors_info=&#8220;{}&#8220;]<\/p>\n<h2>Der Kommandant-Stellvertreter<\/h2>\n<p>[\/et_pb_text][et_pb_blurb title=&#8220;Herbert Gerngro\u00df&#8220; image=&#8220;https:\/\/feuerwehr-vorau.at\/site\/wp-content\/uploads\/2022\/09\/obi_50x50.jpg&#8220; image_icon_width=&#8220;50px&#8220; _builder_version=&#8220;4.18.0&#8243; _module_preset=&#8220;default&#8220; header_text_align=&#8220;center&#8220; header_font_size=&#8220;24px&#8220; header_line_height=&#8220;1.3em&#8220; body_text_align=&#8220;center&#8220; body_line_height=&#8220;1.3em&#8220; global_colors_info=&#8220;{}&#8220;]<\/p>\n<p>Dienstgrad: OBI<\/p>\n<p>Telefon: 0664 \/ 484 79 07<\/p>\n<p>[\/et_pb_blurb][\/et_pb_column][\/et_pb_row][\/et_pb_section][et_pb_section fb_built=&#8220;1&#8243; _builder_version=&#8220;4.18.0&#8243; _module_preset=&#8220;default&#8220; global_colors_info=&#8220;{}&#8220;][et_pb_row use_custom_gutter=&#8220;on&#8220; _builder_version=&#8220;4.18.0&#8243; _module_preset=&#8220;default&#8220; max_width=&#8220;1080px&#8220; global_colors_info=&#8220;{}&#8220;][et_pb_column type=&#8220;4_4&#8243; _builder_version=&#8220;4.18.0&#8243; _module_preset=&#8220;default&#8220; global_colors_info=&#8220;{}&#8220;][et_pb_text _builder_version=&#8220;4.18.0&#8243; _module_preset=&#8220;default&#8220; header_2_font=&#8220;|600|||||||&#8220; header_2_text_align=&#8220;center&#8220; header_2_font_size=&#8220;35px&#8220; custom_padding=&#8220;||5px||false|false&#8220; locked=&#8220;off&#8220; global_colors_info=&#8220;{}&#8220;]<\/p>\n<h2>Das folgende Leitbild pr\u00e4gt im t\u00e4glichen Handeln <br \/>das Wesen der Feuerwehr Vorau<\/h2>\n<p>[\/et_pb_text][et_pb_text _builder_version=&#8220;4.18.0&#8243; _module_preset=&#8220;default&#8220; header_2_font=&#8220;Montserrat|||on|||||&#8220; header_2_text_align=&#8220;center&#8220; header_2_text_color=&#8220;gcid-483c764e-6191-4fe0-975f-40f04e068945&#8243; header_2_font_size=&#8220;16px&#8220; header_2_letter_spacing=&#8220;2px&#8220; custom_padding=&#8220;||7px||false|false&#8220; locked=&#8220;off&#8220; global_colors_info=&#8220;{%22gcid-483c764e-6191-4fe0-975f-40f04e068945%22:%91%22header_2_text_color%22%93}&#8220;]<\/p>\n<h2>Unser Leitbild<\/h2>\n<p>[\/et_pb_text][et_pb_text _builder_version=&#8220;4.18.0&#8243; _module_preset=&#8220;default&#8220; text_font_size=&#8220;16px&#8220; text_orientation=&#8220;center&#8220; width=&#8220;80%&#8220; module_alignment=&#8220;center&#8220; custom_padding=&#8220;20px||20px||true|false&#8220; border_width_bottom=&#8220;1px&#8220; border_color_bottom=&#8220;rgba(0,0,0,0.1)&#8220; locked=&#8220;off&#8220; global_colors_info=&#8220;{}&#8220;]<\/p>\n<p>Unsere Bev\u00f6lkerung honoriert unser positives Erscheinungsbild nach au\u00dfen sowie eine flexible, kompetente und rasche Abwicklung ihrer Anliegen.<\/p>\n<p>[\/et_pb_text][et_pb_text _builder_version=&#8220;4.18.0&#8243; _module_preset=&#8220;default&#8220; text_font_size=&#8220;16px&#8220; text_orientation=&#8220;center&#8220; width=&#8220;80%&#8220; module_alignment=&#8220;center&#8220; custom_padding=&#8220;20px||20px||true|false&#8220; border_width_bottom=&#8220;1px&#8220; border_color_bottom=&#8220;rgba(0,0,0,0.1)&#8220; locked=&#8220;off&#8220; global_colors_info=&#8220;{}&#8220;]<\/p>\n<p>Aus- und Weiterbildung garantiert uns eine langfristige Akzeptanz, ein gutes Verh\u00e4ltnis zur Mannschaft sichert unseren Erfolg<\/p>\n<p>[\/et_pb_text][et_pb_text _builder_version=&#8220;4.18.0&#8243; _module_preset=&#8220;default&#8220; text_font_size=&#8220;16px&#8220; text_orientation=&#8220;center&#8220; width=&#8220;80%&#8220; module_alignment=&#8220;center&#8220; custom_padding=&#8220;20px||20px||true|false&#8220; border_width_bottom=&#8220;1px&#8220; border_color_bottom=&#8220;rgba(0,0,0,0.1)&#8220; locked=&#8220;off&#8220; global_colors_info=&#8220;{}&#8220;]<\/p>\n<p>Kostenorientierung und Weiterbildung gew\u00e4hrleisten Sicherheit bei Investitionen<\/p>\n<p>[\/et_pb_text][et_pb_text _builder_version=&#8220;4.18.0&#8243; _module_preset=&#8220;default&#8220; text_font_size=&#8220;16px&#8220; text_orientation=&#8220;center&#8220; width=&#8220;80%&#8220; module_alignment=&#8220;center&#8220; custom_padding=&#8220;20px||20px||true|false&#8220; border_width_bottom=&#8220;1px&#8220; border_color_bottom=&#8220;rgba(0,0,0,0.1)&#8220; locked=&#8220;off&#8220; global_colors_info=&#8220;{}&#8220;]<\/p>\n<p>Ein partnerschaftliches und offenes Verh\u00e4ltnis zu unseren Feuerwehrleuten und der Bev\u00f6lkerung sichert langfristig die gute Zusammenarbeit und damit die Chance gesicherter Leistungen sowie der Erhalt unserer Einsatzbereitschaft<\/p>\n<p>[\/et_pb_text][et_pb_text _builder_version=&#8220;4.18.0&#8243; _module_preset=&#8220;default&#8220; text_font_size=&#8220;16px&#8220; text_orientation=&#8220;center&#8220; width=&#8220;80%&#8220; module_alignment=&#8220;center&#8220; custom_padding=&#8220;20px||20px||true|false&#8220; border_color_bottom=&#8220;rgba(0,0,0,0.1)&#8220; locked=&#8220;off&#8220; global_colors_info=&#8220;{}&#8220;]<\/p>\n<p>Ma\u00dfvolles Umgehen mit Menschen, Umwelt, Ausr\u00fcstung und Energie bedeutet f\u00fcr uns auch enge Zusammenarbeit mit Gesellschaft, Politik, Beh\u00f6rden und Medien<\/p>\n<p>[\/et_pb_text][\/et_pb_column][\/et_pb_row][\/et_pb_section][et_pb_section fb_built=&#8220;1&#8243; _builder_version=&#8220;4.18.0&#8243; _module_preset=&#8220;default&#8220; background_color=&#8220;#f4f5f8&#8243; custom_padding=&#8220;0px||0px||false|false&#8220; global_module=&#8220;437&#8243; saved_tabs=&#8220;all&#8220; locked=&#8220;off&#8220; global_colors_info=&#8220;{}&#8220;][et_pb_row column_structure=&#8220;2_5,3_5&#8243; use_custom_gutter=&#8220;on&#8220; make_equal=&#8220;on&#8220; _builder_version=&#8220;4.18.0&#8243; _module_preset=&#8220;default&#8220; width=&#8220;100%&#8220; max_width=&#8220;100%&#8220; custom_padding=&#8220;0px||0px||true|false&#8220; global_colors_info=&#8220;{}&#8220;][et_pb_column type=&#8220;2_5&#8243; _builder_version=&#8220;4.18.0&#8243; _module_preset=&#8220;default&#8220; custom_padding=&#8220;200px|100px|200px|10vw|true|false&#8220; custom_padding_tablet=&#8220;100px||100px||false|false&#8220; custom_padding_phone=&#8220;100px|20px|100px|20px|false|false&#8220; custom_padding_last_edited=&#8220;on|tablet&#8220; global_colors_info=&#8220;{}&#8220;][et_pb_text _builder_version=&#8220;4.18.0&#8243; _module_preset=&#8220;default&#8220; header_2_font=&#8220;|600|||||||&#8220; header_2_text_align=&#8220;left&#8220; header_2_font_size=&#8220;35px&#8220; custom_padding=&#8220;||5px||false|false&#8220; header_2_text_align_tablet=&#8220;&#8220; header_2_text_align_phone=&#8220;center&#8220; header_2_text_align_last_edited=&#8220;on|phone&#8220; text_orientation_tablet=&#8220;&#8220; text_orientation_phone=&#8220;center&#8220; text_orientation_last_edited=&#8220;on|phone&#8220; global_colors_info=&#8220;{}&#8220;]<\/p>\n<h2>Bist du bereit?<\/h2>\n<p>[\/et_pb_text][et_pb_text _builder_version=&#8220;4.18.0&#8243; _module_preset=&#8220;default&#8220; header_2_font=&#8220;Montserrat|||on|||||&#8220; header_2_text_align=&#8220;left&#8220; header_2_text_color=&#8220;gcid-483c764e-6191-4fe0-975f-40f04e068945&#8243; header_2_font_size=&#8220;16px&#8220; header_2_letter_spacing=&#8220;2px&#8220; header_2_line_height=&#8220;1.3em&#8220; custom_padding=&#8220;||7px||false|false&#8220; header_2_text_align_tablet=&#8220;&#8220; header_2_text_align_phone=&#8220;center&#8220; header_2_text_align_last_edited=&#8220;on|phone&#8220; global_colors_info=&#8220;{%22gcid-483c764e-6191-4fe0-975f-40f04e068945%22:%91%22header_2_text_color%22%93}&#8220;]<\/p>\n<h2>Kameradschaft &amp; Hilfsbereitschaft<\/h2>\n<p>[\/et_pb_text][et_pb_text _builder_version=&#8220;4.18.0&#8243; _module_preset=&#8220;default&#8220; text_font_size=&#8220;16px&#8220; width=&#8220;80%&#8220; module_alignment=&#8220;left&#8220; custom_padding=&#8220;||15px||false|false&#8220; text_font_size_tablet=&#8220;&#8220; text_font_size_phone=&#8220;&#8220; text_font_size_last_edited=&#8220;on|phone&#8220; text_orientation_tablet=&#8220;&#8220; text_orientation_phone=&#8220;center&#8220; text_orientation_last_edited=&#8220;on|phone&#8220; module_alignment_tablet=&#8220;&#8220; module_alignment_phone=&#8220;center&#8220; module_alignment_last_edited=&#8220;on|phone&#8220; global_colors_info=&#8220;{}&#8220;]<\/p>\n<p>Werde jetzt Mitglied bei der freiwilligen Feuerwehr Vorau! Trag deinen Teil zur Gemeinschaft bei! Wir bieten Abwechslung, Ausbildung und mehr!<\/p>\n<p>[\/et_pb_text][et_pb_button button_url=&#8220;@ET-DC@eyJkeW5hbWljIjp0cnVlLCJjb250ZW50IjoicG9zdF9saW5rX3VybF9wYWdlIiwic2V0dGluZ3MiOnsicG9zdF9pZCI6IjYxIn19@&#8220; button_text=&#8220;Mitglied werden&#8220; button_alignment=&#8220;left&#8220; button_alignment_tablet=&#8220;&#8220; button_alignment_phone=&#8220;center&#8220; button_alignment_last_edited=&#8220;on|phone&#8220; _builder_version=&#8220;4.18.0&#8243; _dynamic_attributes=&#8220;button_url&#8220; _module_preset=&#8220;default&#8220; custom_button=&#8220;on&#8220; button_text_size=&#8220;16px&#8220; button_text_color=&#8220;#FFFFFF&#8220; button_bg_color=&#8220;gcid-483c764e-6191-4fe0-975f-40f04e068945&#8243; button_border_width=&#8220;0px&#8220; button_icon=&#8220;&#x24;||divi||400&#8243; box_shadow_style=&#8220;preset3&#8243; box_shadow_color=&#8220;rgba(0,0,0,0.2)&#8220; locked=&#8220;off&#8220; global_colors_info=&#8220;{%22gcid-483c764e-6191-4fe0-975f-40f04e068945%22:%91%22button_bg_color%22%93}&#8220;][\/et_pb_button][\/et_pb_column][et_pb_column type=&#8220;3_5&#8243; _builder_version=&#8220;4.18.0&#8243; _module_preset=&#8220;default&#8220; global_colors_info=&#8220;{}&#8220;][et_pb_code _builder_version=&#8220;4.18.0&#8243; _module_preset=&#8220;default&#8220; background_image=&#8220;https:\/\/feuerwehr-vorau.at\/site\/wp-content\/uploads\/2022\/09\/Feuerwehr-Vorau-Jetzt-Mitglied-Werden.jpg&#8220; background_position=&#8220;top_left&#8220; background_horizontal_offset=&#8220;43%&#8220; min_height=&#8220;100%&#8220; min_height_tablet=&#8220;300px&#8220; min_height_phone=&#8220;160px&#8220; min_height_last_edited=&#8220;on|tablet&#8220; global_colors_info=&#8220;{}&#8220;][\/et_pb_code][\/et_pb_column][\/et_pb_row][\/et_pb_section]<\/p>\n","protected":false},"excerpt":{"rendered":"<p>Traditionelle \u00dcbergabe des Kommandantens\u00e4bels an das neue Kommando 2022Freiwillige Feuerwehr VorauDer KommandantDienstgrad: HBI Telefon: 0664 \/ 304 43 04Der Kommandant-StellvertreterDienstgrad: OBI Telefon: 0664 \/ 484 79 07Das folgende Leitbild pr\u00e4gt im t\u00e4glichen Handeln das Wesen der Feuerwehr VorauUnser LeitbildUnsere Bev\u00f6lkerung honoriert unser positives Erscheinungsbild nach au\u00dfen sowie eine flexible, kompetente und rasche Abwicklung ihrer Anliegen.Aus- [&hellip;]<\/p>\n","protected":false},"author":1,"featured_media":795,"parent":63,"menu_order":3,"comment_status":"closed","ping_status":"closed","template":"","meta":{"_et_pb_use_builder":"on","_et_pb_old_content":"","_et_gb_content_width":"","inline_featured_image":false,"_vp_format_video_url":"","_vp_image_focal_point":[],"footnotes":""},"class_list":["post-67","page","type-page","status-publish","has-post-thumbnail","hentry"],"_links":{"self":[{"href":"https:\/\/feuerwehr-vorau.at\/site\/wp-json\/wp\/v2\/pages\/67","targetHints":{"allow":["GET"]}}],"collection":[{"href":"https:\/\/feuerwehr-vorau.at\/site\/wp-json\/wp\/v2\/pages"}],"about":[{"href":"https:\/\/feuerwehr-vorau.at\/site\/wp-json\/wp\/v2\/types\/page"}],"author":[{"embeddable":true,"href":"https:\/\/feuerwehr-vorau.at\/site\/wp-json\/wp\/v2\/users\/1"}],"replies":[{"embeddable":true,"href":"https:\/\/feuerwehr-vorau.at\/site\/wp-json\/wp\/v2\/comments?post=67"}],"version-history":[{"count":0,"href":"https:\/\/feuerwehr-vorau.at\/site\/wp-json\/wp\/v2\/pages\/67\/revisions"}],"up":[{"embeddable":true,"href":"https:\/\/feuerwehr-vorau.at\/site\/wp-json\/wp\/v2\/pages\/63"}],"wp:featuredmedia":[{"embeddable":true,"href":"https:\/\/feuerwehr-vorau.at\/site\/wp-json\/wp\/v2\/media\/795"}],"wp:attachment":[{"href":"https:\/\/feuerwehr-vorau.at\/site\/wp-json\/wp\/v2\/media?parent=67"}],"curies":[{"name":"wp","href":"https:\/\/api.w.org\/{rel}","templated":true}]}}