{"id":5733,"date":"2026-01-16T10:25:36","date_gmt":"2026-01-16T09:25:36","guid":{"rendered":"https:\/\/feuerwehr-vorau.at\/site\/?page_id=5733"},"modified":"2026-03-26T11:39:43","modified_gmt":"2026-03-26T10:39:43","slug":"150-jahre-feuerwehr-vorau","status":"publish","type":"page","link":"https:\/\/feuerwehr-vorau.at\/site\/150-jahre-feuerwehr-vorau\/","title":{"rendered":"150 Jahre Feuerwehr Vorau"},"content":{"rendered":"<p>[et_pb_section fb_built=&#8220;1&#8243; _builder_version=&#8220;4.27.5&#8243; _module_preset=&#8220;default&#8220; background_color=&#8220;#f4f5f8&#8243; custom_padding=&#8220;5px||0px||false|false&#8220; locked=&#8220;off&#8220; global_colors_info=&#8220;{}&#8220;][et_pb_row use_custom_gutter=&#8220;on&#8220; _builder_version=&#8220;4.27.5&#8243; _module_preset=&#8220;default&#8220; custom_padding=&#8220;||9px|||&#8220; global_colors_info=&#8220;{}&#8220;][et_pb_column type=&#8220;4_4&#8243; _builder_version=&#8220;4.17.4&#8243; _module_preset=&#8220;default&#8220; global_colors_info=&#8220;{}&#8220;][et_pb_code _builder_version=&#8220;4.27.5&#8243; _dynamic_attributes=&#8220;background_image&#8220; _module_preset=&#8220;default&#8220; background_image=&#8220;@ET-DC@eyJkeW5hbWljIjp0cnVlLCJjb250ZW50IjoicG9zdF9mZWF0dXJlZF9pbWFnZSIsInNldHRpbmdzIjp7fX0=@&#8220; min_height=&#8220;460px&#8220; min_height_tablet=&#8220;300px&#8220; min_height_phone=&#8220;200px&#8220; min_height_last_edited=&#8220;on|tablet&#8220; custom_margin=&#8220;||20px||false|false&#8220; custom_padding=&#8220;||0px||false|false&#8220; global_colors_info=&#8220;{}&#8220;][\/et_pb_code][et_pb_text _builder_version=&#8220;4.18.0&#8243; _dynamic_attributes=&#8220;content&#8220; _module_preset=&#8220;default&#8220; header_font=&#8220;|600|||||||&#8220; header_text_align=&#8220;center&#8220; header_font_size=&#8220;35px&#8220; header_2_font=&#8220;|600|||||||&#8220; header_2_text_align=&#8220;center&#8220; header_2_font_size=&#8220;35px&#8220; custom_padding=&#8220;||5px||false|false&#8220; global_colors_info=&#8220;{}&#8220;]@ET-DC@eyJkeW5hbWljIjp0cnVlLCJjb250ZW50IjoicG9zdF90aXRsZSIsInNldHRpbmdzIjp7ImJlZm9yZSI6IjxoMT4iLCJhZnRlciI6IjwvaDE+In19@[\/et_pb_text][et_pb_text content_tablet=&#8220;<\/p>\n<h2>Freiwillige Feuerwehr Vorau<\/h2>\n<p>&#8220; content_phone=&#8220;<\/p>\n<h2>FF VORAU<\/h2>\n<p>&#8220; content_last_edited=&#8220;on|tablet&#8220; _builder_version=&#8220;4.18.0&#8243; _module_preset=&#8220;default&#8220; header_2_font=&#8220;Montserrat|||on|||||&#8220; header_2_text_align=&#8220;center&#8220; header_2_text_color=&#8220;gcid-483c764e-6191-4fe0-975f-40f04e068945&#8243; header_2_font_size=&#8220;16px&#8220; header_2_letter_spacing=&#8220;2px&#8220; custom_padding=&#8220;||7px||false|false&#8220; global_colors_info=&#8220;{%22gcid-483c764e-6191-4fe0-975f-40f04e068945%22:%91%22header_2_text_color%22%93}&#8220;]<\/p>\n<h2>Freiwillige Feuerwehr Vorau<\/h2>\n<p>[\/et_pb_text][\/et_pb_column][\/et_pb_row][et_pb_row _builder_version=&#8220;4.27.5&#8243; _module_preset=&#8220;default&#8220; custom_padding=&#8220;||50px||false|false&#8220; global_colors_info=&#8220;{}&#8220;][et_pb_column type=&#8220;4_4&#8243; _builder_version=&#8220;4.27.5&#8243; _module_preset=&#8220;default&#8220; global_colors_info=&#8220;{}&#8220;][et_pb_video src=&#8220;https:\/\/feuerwehr-vorau.at\/site\/wp-content\/uploads\/2026\/01\/WhatsApp-Video-2026-01-14-at-19.14.08.mp4&#8243; image_src=&#8220;https:\/\/feuerwehr-vorau.at\/site\/wp-content\/uploads\/2026\/01\/fallback_low.jpg&#8220; _builder_version=&#8220;4.27.5&#8243; _module_preset=&#8220;default&#8220; custom_margin=&#8220;||30px||false|false&#8220; custom_padding=&#8220;||50px||false|false&#8220; global_colors_info=&#8220;{}&#8220;][\/et_pb_video][et_pb_text _builder_version=&#8220;4.27.5&#8243; _module_preset=&#8220;default&#8220; text_orientation=&#8220;center&#8220; global_colors_info=&#8220;{}&#8220;]<\/p>\n<p>2026 &#8211; Ein Jahr voller Feierlichkeiten<\/p>\n<p>[\/et_pb_text][\/et_pb_column][\/et_pb_row][\/et_pb_section][et_pb_section fb_built=&#8220;1&#8243; custom_padding_last_edited=&#8220;on|phone&#8220; _builder_version=&#8220;4.27.5&#8243; _module_preset=&#8220;default&#8220; custom_padding_tablet=&#8220;&#8220; custom_padding_phone=&#8220;0px||||false|false&#8220; locked=&#8220;off&#8220; global_colors_info=&#8220;{}&#8220;][et_pb_row column_structure=&#8220;1_2,1_2&#8243; use_custom_gutter=&#8220;on&#8220; make_equal=&#8220;on&#8220; custom_padding_last_edited=&#8220;on|phone&#8220; admin_label=&#8220;1876 Gr\u00fcndung&#8220; _builder_version=&#8220;4.27.4&#8243; _module_preset=&#8220;default&#8220; background_color=&#8220;RGBA(255,255,255,0)&#8220; width_tablet=&#8220;&#8220; width_phone=&#8220;100%&#8220; width_last_edited=&#8220;on|phone&#8220; custom_padding=&#8220;30px||30px||true|false&#8220; custom_padding_tablet=&#8220;30px||30px||true|false&#8220; custom_padding_phone=&#8220;30px|30px|30px|30px|true|true&#8220; animation_style=&#8220;slide&#8220; animation_direction=&#8220;bottom&#8220; animation_delay=&#8220;750ms&#8220; animation_intensity_slide=&#8220;5%&#8220; global_colors_info=&#8220;{}&#8220;][et_pb_column type=&#8220;1_2&#8243; _builder_version=&#8220;4.18.0&#8243; _module_preset=&#8220;default&#8220; background_color=&#8220;#f4f5f8&#8243; custom_padding=&#8220;20px|40px|50px|40px|false|true&#8220; border_radii=&#8220;on|15px|15px|15px|15px&#8220; box_shadow_style=&#8220;preset1&#8243; box_shadow_color=&#8220;rgba(0,0,0,0.2)&#8220; global_colors_info=&#8220;{}&#8220;][et_pb_text admin_label=&#8220;Gr\u00fcndung&#8220; _builder_version=&#8220;4.18.0&#8243; _module_preset=&#8220;default&#8220; header_2_font=&#8220;|600|||||||&#8220; header_2_font_size=&#8220;30px&#8220; custom_padding=&#8220;20px||10px||false|false&#8220; locked=&#8220;off&#8220; global_colors_info=&#8220;{}&#8220;]<\/p>\n<h2>150. Wehrversammlung<\/h2>\n<p>[\/et_pb_text][et_pb_text admin_label=&#8220;1876&#8243; _builder_version=&#8220;4.27.5&#8243; _module_preset=&#8220;default&#8220; header_2_font=&#8220;Montserrat|||on|||||&#8220; header_2_text_align=&#8220;left&#8220; header_2_text_color=&#8220;gcid-483c764e-6191-4fe0-975f-40f04e068945&#8243; header_2_font_size=&#8220;16px&#8220; header_2_letter_spacing=&#8220;2px&#8220; custom_padding=&#8220;||7px||false|false&#8220; global_colors_info=&#8220;{%22gcid-483c764e-6191-4fe0-975f-40f04e068945%22:%91%22header_2_text_color%22%93}&#8220;]<\/p>\n<h2>06. J\u00e4nner 2026<\/h2>\n<p>[\/et_pb_text][et_pb_text admin_label=&#8220;Nach einem Gro\u00dfbrand&#8230;&#8220; _builder_version=&#8220;4.18.0&#8243; _module_preset=&#8220;default&#8220; global_colors_info=&#8220;{}&#8220;]<\/p>\n<p>Unser Jubil\u00e4umsjahr wurde am 6. J\u00e4nner traditionell mit unserer Wehrversammlung, der 150. dieser Art er\u00f6ffnet. Knapp 80 Kamerad:innen sowie zahlreiche Ehreng\u00e4ste aus Politik und Feuerwehrwesen folgten der Einladung. Gemeinsam wurde im Zuge dessen geb\u00fchrend in dieses besondere Jahr gestartet.<\/p>\n<p>[\/et_pb_text][et_pb_image src=&#8220;https:\/\/feuerwehr-vorau.at\/site\/wp-content\/uploads\/2026\/01\/Titel-3.jpeg&#8220; title_text=&#8220;Titel&#8220; _builder_version=&#8220;4.27.5&#8243; _module_preset=&#8220;default&#8220; global_colors_info=&#8220;{}&#8220;][\/et_pb_image][\/et_pb_column][et_pb_column type=&#8220;1_2&#8243; _builder_version=&#8220;4.18.0&#8243; _module_preset=&#8220;default&#8220; global_colors_info=&#8220;{}&#8220;][\/et_pb_column][\/et_pb_row][et_pb_row column_structure=&#8220;1_2,1_2&#8243; use_custom_gutter=&#8220;on&#8220; make_equal=&#8220;on&#8220; custom_padding_last_edited=&#8220;on|phone&#8220; admin_label=&#8220;1876 Gr\u00fcndung&#8220; _builder_version=&#8220;4.27.4&#8243; _module_preset=&#8220;default&#8220; background_color=&#8220;RGBA(255,255,255,0)&#8220; width_tablet=&#8220;&#8220; width_phone=&#8220;100%&#8220; width_last_edited=&#8220;on|phone&#8220; custom_padding=&#8220;30px||30px||true|false&#8220; custom_padding_tablet=&#8220;30px||30px||true|false&#8220; custom_padding_phone=&#8220;30px|30px|30px|30px|true|true&#8220; animation_direction=&#8220;bottom&#8220; global_colors_info=&#8220;{}&#8220;][et_pb_column type=&#8220;1_2&#8243; _builder_version=&#8220;4.27.4&#8243; _module_preset=&#8220;default&#8220; global_colors_info=&#8220;{}&#8220;][\/et_pb_column][et_pb_column type=&#8220;1_2&#8243; _builder_version=&#8220;4.18.0&#8243; _module_preset=&#8220;default&#8220; background_color=&#8220;#f4f5f8&#8243; custom_padding=&#8220;20px|40px|50px|40px|false|true&#8220; border_radii=&#8220;on|15px|15px|15px|15px&#8220; box_shadow_style=&#8220;preset1&#8243; box_shadow_color=&#8220;rgba(0,0,0,0.2)&#8220; global_colors_info=&#8220;{}&#8220;][et_pb_text admin_label=&#8220;Gr\u00fcndung&#8220; _builder_version=&#8220;4.27.4&#8243; _module_preset=&#8220;default&#8220; header_2_font=&#8220;|600|||||||&#8220; header_2_font_size=&#8220;30px&#8220; custom_padding=&#8220;20px||10px||false|false&#8220; locked=&#8220;off&#8220; global_colors_info=&#8220;{}&#8220;]<\/p>\n<h2>Pr\u00e4sentation der Feuerwehr-Chronik<\/h2>\n<p>[\/et_pb_text][et_pb_text admin_label=&#8220;1876&#8243; _builder_version=&#8220;4.18.0&#8243; _module_preset=&#8220;default&#8220; header_2_font=&#8220;Montserrat|||on|||||&#8220; header_2_text_align=&#8220;left&#8220; header_2_text_color=&#8220;gcid-483c764e-6191-4fe0-975f-40f04e068945&#8243; header_2_font_size=&#8220;16px&#8220; header_2_letter_spacing=&#8220;2px&#8220; custom_padding=&#8220;||7px||false|false&#8220; global_colors_info=&#8220;{%22gcid-483c764e-6191-4fe0-975f-40f04e068945%22:%91%22header_2_text_color%22%93}&#8220;]<\/p>\n<h2>02. Mai 2026<\/h2>\n<p>[\/et_pb_text][et_pb_text admin_label=&#8220;Nach einem Gro\u00dfbrand&#8230;&#8220; _builder_version=&#8220;4.18.0&#8243; _module_preset=&#8220;default&#8220; global_colors_info=&#8220;{}&#8220;]<\/p>\n<p>Im Bildungshaus des Stift Vorau wird am 2. Mai 2026 die Chronik der Freiwilligen Feuerwehr Vorau pr\u00e4sentiert. Ein gebundenes Werk mit \u00fcber 300 Seiten wird im feierlichen Rahmen der \u00d6ffentlichkeit vorgestellt.<\/p>\n<p>[\/et_pb_text][\/et_pb_column][\/et_pb_row][et_pb_row column_structure=&#8220;1_2,1_2&#8243; use_custom_gutter=&#8220;on&#8220; make_equal=&#8220;on&#8220; custom_padding_last_edited=&#8220;on|phone&#8220; admin_label=&#8220;1876 Gr\u00fcndung&#8220; _builder_version=&#8220;4.18.0&#8243; _module_preset=&#8220;default&#8220; background_color=&#8220;RGBA(255,255,255,0)&#8220; width_tablet=&#8220;&#8220; width_phone=&#8220;100%&#8220; width_last_edited=&#8220;on|phone&#8220; custom_padding=&#8220;30px||30px||true|false&#8220; custom_padding_tablet=&#8220;30px||30px||true|false&#8220; custom_padding_phone=&#8220;30px|30px|30px|30px|true|true&#8220; animation_direction=&#8220;bottom&#8220; global_colors_info=&#8220;{}&#8220;][et_pb_column type=&#8220;1_2&#8243; _builder_version=&#8220;4.18.0&#8243; _module_preset=&#8220;default&#8220; background_color=&#8220;#f4f5f8&#8243; custom_padding=&#8220;20px|40px|50px|40px|false|true&#8220; border_radii=&#8220;on|15px|15px|15px|15px&#8220; box_shadow_style=&#8220;preset1&#8243; box_shadow_color=&#8220;rgba(0,0,0,0.2)&#8220; global_colors_info=&#8220;{}&#8220;][et_pb_text admin_label=&#8220;Gr\u00fcndung&#8220; _builder_version=&#8220;4.18.0&#8243; _module_preset=&#8220;default&#8220; header_2_font=&#8220;|600|||||||&#8220; header_2_font_size=&#8220;30px&#8220; custom_padding=&#8220;20px||10px||false|false&#8220; locked=&#8220;off&#8220; global_colors_info=&#8220;{}&#8220;]<\/p>\n<h2>Florianisonntag inkl. Schau\u00fcbung<\/h2>\n<p>[\/et_pb_text][et_pb_text admin_label=&#8220;1876&#8243; _builder_version=&#8220;4.18.0&#8243; _module_preset=&#8220;default&#8220; header_2_font=&#8220;Montserrat|||on|||||&#8220; header_2_text_align=&#8220;left&#8220; header_2_text_color=&#8220;gcid-483c764e-6191-4fe0-975f-40f04e068945&#8243; header_2_font_size=&#8220;16px&#8220; header_2_letter_spacing=&#8220;2px&#8220; custom_padding=&#8220;||7px||false|false&#8220; global_colors_info=&#8220;{%22gcid-483c764e-6191-4fe0-975f-40f04e068945%22:%91%22header_2_text_color%22%93}&#8220;]<\/p>\n<h2>03. Mai 2026<\/h2>\n<p>[\/et_pb_text][et_pb_text admin_label=&#8220;Nach einem Gro\u00dfbrand&#8230;&#8220; _builder_version=&#8220;4.18.0&#8243; _module_preset=&#8220;default&#8220; custom_padding=&#8220;||20px||false|false&#8220; global_colors_info=&#8220;{}&#8220;]<\/p>\n<p><span class=\"content\">Auch im Jubil\u00e4umsjahr stellt der Florianisonntag, <span>der Ehrentag unseres Schutzpatrons den Hl. Florian, ein ganz besonderes Ereignis f\u00fcr uns da. Gemeinsam mit der Bev\u00f6lkerung von und um Vorau wird dieser im Stift Vorau im Zuge einer gemeinsamen heiligen Messe zelebriert. Im Anschluss laden wir zum gemeinsamen Ausklang ein inkl.:<br \/>&#8211; Vorstellung unserer Feuerwehr-Chronik<br \/>&#8211; Anschlie\u00dfende Agape<\/span><\/span><\/p>\n<p>[\/et_pb_text][et_pb_image src=&#8220;https:\/\/feuerwehr-vorau.at\/site\/wp-content\/uploads\/2024\/05\/03-1-rotated.jpg&#8220; title_text=&#8220;03-1&#8243; show_in_lightbox=&#8220;on&#8220; align=&#8220;center&#8220; _builder_version=&#8220;4.27.5&#8243; _module_preset=&#8220;default&#8220; global_colors_info=&#8220;{}&#8220;][\/et_pb_image][\/et_pb_column][et_pb_column type=&#8220;1_2&#8243; _builder_version=&#8220;4.18.0&#8243; _module_preset=&#8220;default&#8220; global_colors_info=&#8220;{}&#8220;][\/et_pb_column][\/et_pb_row][et_pb_row column_structure=&#8220;1_2,1_2&#8243; use_custom_gutter=&#8220;on&#8220; make_equal=&#8220;on&#8220; custom_padding_last_edited=&#8220;on|phone&#8220; admin_label=&#8220;1876 Gr\u00fcndung&#8220; _builder_version=&#8220;4.18.0&#8243; _module_preset=&#8220;default&#8220; background_color=&#8220;RGBA(255,255,255,0)&#8220; width_tablet=&#8220;&#8220; width_phone=&#8220;100%&#8220; width_last_edited=&#8220;on|phone&#8220; custom_padding=&#8220;30px||30px||true|false&#8220; custom_padding_tablet=&#8220;30px||30px||true|false&#8220; custom_padding_phone=&#8220;30px|30px|30px|30px|true|true&#8220; animation_direction=&#8220;bottom&#8220; global_colors_info=&#8220;{}&#8220;][et_pb_column type=&#8220;1_2&#8243; _builder_version=&#8220;4.18.0&#8243; _module_preset=&#8220;default&#8220; global_colors_info=&#8220;{}&#8220;][\/et_pb_column][et_pb_column type=&#8220;1_2&#8243; _builder_version=&#8220;4.18.0&#8243; _module_preset=&#8220;default&#8220; background_color=&#8220;#f4f5f8&#8243; custom_padding=&#8220;20px|40px|50px|40px|false|true&#8220; border_radii=&#8220;on|15px|15px|15px|15px&#8220; box_shadow_style=&#8220;preset1&#8243; box_shadow_color=&#8220;rgba(0,0,0,0.2)&#8220; global_colors_info=&#8220;{}&#8220;][et_pb_text admin_label=&#8220;Gr\u00fcndung&#8220; _builder_version=&#8220;4.27.4&#8243; _module_preset=&#8220;default&#8220; header_2_font=&#8220;|600|||||||&#8220; header_2_font_size=&#8220;30px&#8220; width_tablet=&#8220;&#8220; width_phone=&#8220;100%&#8220; width_last_edited=&#8220;on|phone&#8220; custom_padding=&#8220;20px||10px||false|false&#8220; locked=&#8220;off&#8220; global_colors_info=&#8220;{}&#8220;]<\/p>\n<h2>2-Tagesfest in der Urkraftarena<\/h2>\n<p>[\/et_pb_text][et_pb_text admin_label=&#8220;1876&#8243; _builder_version=&#8220;4.18.0&#8243; _module_preset=&#8220;default&#8220; header_2_font=&#8220;Montserrat|||on|||||&#8220; header_2_text_align=&#8220;left&#8220; header_2_text_color=&#8220;gcid-483c764e-6191-4fe0-975f-40f04e068945&#8243; header_2_font_size=&#8220;16px&#8220; header_2_letter_spacing=&#8220;2px&#8220; custom_padding=&#8220;||7px||false|false&#8220; global_colors_info=&#8220;{%22gcid-483c764e-6191-4fe0-975f-40f04e068945%22:%91%22header_2_text_color%22%93}&#8220;]<\/p>\n<h2>06.-07. Juni 2026\u00a0<\/h2>\n<p>[\/et_pb_text][et_pb_text admin_label=&#8220;Nach einem Gro\u00dfbrand&#8230;&#8220; _builder_version=&#8220;4.18.0&#8243; _module_preset=&#8220;default&#8220; global_colors_info=&#8220;{}&#8220;]<\/p>\n<p>Einer der H\u00f6hepunkte findet im Juni im Zuge einer 2-t\u00e4gigen Veranstaltung in der Urkraftarena statt. Der Startschuss ist dabei die Abhaltung des Leistungsbewerbes f\u00fcr den Bereich Hartberg. Nach dem offiziellen Rahmenprogramm folgt eine Abendveranstaltung mit musikalischer Umrahmung durch die Alpenyetis und den Jungen Paldauern. Tags darauf, am Sonntag, findet unser traditioneller Fr\u00fchschoppen statt. Auch dieser wird heuer in der Urkraftarena abgehalten. Wir freuen uns bereits jetzt auf die 2-t\u00e4gige Veranstaltung sowie zahlreiche Besucher:innen.<\/p>\n<p>[\/et_pb_text][\/et_pb_column][\/et_pb_row][et_pb_row column_structure=&#8220;1_2,1_2&#8243; use_custom_gutter=&#8220;on&#8220; make_equal=&#8220;on&#8220; custom_padding_last_edited=&#8220;on|phone&#8220; admin_label=&#8220;1876 Gr\u00fcndung&#8220; _builder_version=&#8220;4.18.0&#8243; _module_preset=&#8220;default&#8220; background_color=&#8220;RGBA(255,255,255,0)&#8220; width_tablet=&#8220;&#8220; width_phone=&#8220;100%&#8220; width_last_edited=&#8220;on|phone&#8220; custom_padding=&#8220;30px||30px||true|false&#8220; custom_padding_tablet=&#8220;30px||30px||true|false&#8220; custom_padding_phone=&#8220;30px|30px|30px|30px|true|true&#8220; animation_direction=&#8220;bottom&#8220; global_colors_info=&#8220;{}&#8220;][et_pb_column type=&#8220;1_2&#8243; _builder_version=&#8220;4.18.0&#8243; _module_preset=&#8220;default&#8220; background_color=&#8220;#f4f5f8&#8243; custom_padding=&#8220;20px|40px|50px|40px|false|true&#8220; border_radii=&#8220;on|15px|15px|15px|15px&#8220; box_shadow_style=&#8220;preset1&#8243; box_shadow_color=&#8220;rgba(0,0,0,0.2)&#8220; global_colors_info=&#8220;{}&#8220;][et_pb_text admin_label=&#8220;Gr\u00fcndung&#8220; _builder_version=&#8220;4.18.0&#8243; _module_preset=&#8220;default&#8220; header_2_font=&#8220;|600|||||||&#8220; header_2_font_size=&#8220;30px&#8220; custom_padding=&#8220;20px||10px||false|false&#8220; locked=&#8220;off&#8220; global_colors_info=&#8220;{}&#8220;]<\/p>\n<h2>Friedenslicht\u00fcbergabe im Hofanger des Stift Vorau<\/h2>\n<p>[\/et_pb_text][et_pb_text admin_label=&#8220;1876&#8243; _builder_version=&#8220;4.18.0&#8243; _module_preset=&#8220;default&#8220; header_2_font=&#8220;Montserrat|||on|||||&#8220; header_2_text_align=&#8220;left&#8220; header_2_text_color=&#8220;gcid-483c764e-6191-4fe0-975f-40f04e068945&#8243; header_2_font_size=&#8220;16px&#8220; header_2_letter_spacing=&#8220;2px&#8220; custom_padding=&#8220;||7px||false|false&#8220; global_colors_info=&#8220;{%22gcid-483c764e-6191-4fe0-975f-40f04e068945%22:%91%22header_2_text_color%22%93}&#8220;]<\/p>\n<h2>23. Dezember 2026<\/h2>\n<p>[\/et_pb_text][et_pb_text admin_label=&#8220;Nach einem Gro\u00dfbrand&#8230;&#8220; _builder_version=&#8220;4.27.5&#8243; _module_preset=&#8220;default&#8220; custom_padding=&#8220;||20px||false|false&#8220; global_colors_info=&#8220;{}&#8220;]<\/p>\n<p>Zum Abschluss wird erstmalig die Friedenslicht\u00fcbergabe des Bereichsfeuerwehrverband Hartberg im Hofanger im Stift Vorau stattfinden. Wir freuen uns bereits jetzt zahlreiche Jugendliche aller Feuerwehren unseres Bereiches sowie alle weiteren Besucher:innen in Vorau begr\u00fc\u00dfen zu d\u00fcrfen.<\/p>\n<p>[\/et_pb_text][\/et_pb_column][et_pb_column type=&#8220;1_2&#8243; _builder_version=&#8220;4.18.0&#8243; _module_preset=&#8220;default&#8220; global_colors_info=&#8220;{}&#8220;][\/et_pb_column][\/et_pb_row][\/et_pb_section][et_pb_section fb_built=&#8220;1&#8243; fullwidth=&#8220;on&#8220; _builder_version=&#8220;4.27.5&#8243; _module_preset=&#8220;default&#8220; global_colors_info=&#8220;{}&#8220;][\/et_pb_section]<\/p>\n","protected":false},"excerpt":{"rendered":"<p>Freiwillige Feuerwehr Vorau2026 &#8211; Ein Jahr voller Feierlichkeiten150. Wehrversammlung06. J\u00e4nner 2026Unser Jubil\u00e4umsjahr wurde am 6. J\u00e4nner traditionell mit unserer Wehrversammlung, der 150. dieser Art er\u00f6ffnet. Knapp 80 Kamerad:innen sowie zahlreiche Ehreng\u00e4ste aus Politik und Feuerwehrwesen folgten der Einladung. Gemeinsam wurde im Zuge dessen geb\u00fchrend in dieses besondere Jahr gestartet.Pr\u00e4sentation der Feuerwehr-Chronik02. Mai 2026Im Bildungshaus des [&hellip;]<\/p>\n","protected":false},"author":2,"featured_media":5728,"parent":0,"menu_order":0,"comment_status":"closed","ping_status":"closed","template":"","meta":{"_et_pb_use_builder":"on","_et_pb_old_content":"","_et_gb_content_width":"","inline_featured_image":false,"_vp_format_video_url":"","_vp_image_focal_point":[],"footnotes":""},"class_list":["post-5733","page","type-page","status-publish","has-post-thumbnail","hentry"],"_links":{"self":[{"href":"https:\/\/feuerwehr-vorau.at\/site\/wp-json\/wp\/v2\/pages\/5733","targetHints":{"allow":["GET"]}}],"collection":[{"href":"https:\/\/feuerwehr-vorau.at\/site\/wp-json\/wp\/v2\/pages"}],"about":[{"href":"https:\/\/feuerwehr-vorau.at\/site\/wp-json\/wp\/v2\/types\/page"}],"author":[{"embeddable":true,"href":"https:\/\/feuerwehr-vorau.at\/site\/wp-json\/wp\/v2\/users\/2"}],"replies":[{"embeddable":true,"href":"https:\/\/feuerwehr-vorau.at\/site\/wp-json\/wp\/v2\/comments?post=5733"}],"version-history":[{"count":9,"href":"https:\/\/feuerwehr-vorau.at\/site\/wp-json\/wp\/v2\/pages\/5733\/revisions"}],"predecessor-version":[{"id":5974,"href":"https:\/\/feuerwehr-vorau.at\/site\/wp-json\/wp\/v2\/pages\/5733\/revisions\/5974"}],"wp:featuredmedia":[{"embeddable":true,"href":"https:\/\/feuerwehr-vorau.at\/site\/wp-json\/wp\/v2\/media\/5728"}],"wp:attachment":[{"href":"https:\/\/feuerwehr-vorau.at\/site\/wp-json\/wp\/v2\/media?parent=5733"}],"curies":[{"name":"wp","href":"https:\/\/api.w.org\/{rel}","templated":true}]}}